{"id":75,"date":"2019-03-18T22:10:45","date_gmt":"2019-03-18T22:10:45","guid":{"rendered":"http:\/\/themanzoni.wpengine.com\/homepage\/"},"modified":"2023-05-11T17:06:37","modified_gmt":"2023-05-11T17:06:37","slug":"homepage","status":"publish","type":"page","link":"https:\/\/themanzoni.com\/it\/","title":{"rendered":"Homepage"},"content":{"rendered":"<p>Il Manzoni \u00e8 pi\u00f9 di un ristorante. \u00c8 uno spazio sperimentale, uno sfondo teatrale per il meglio del cibo italiano e del design britannico espresso in un <a class=\"\" href=\"https:\/\/themanzoni.com\/it\/spaces\/il-ristorante\/\">Ristorante<\/a>, <a href=\"https:\/\/themanzoni.com\/it\/spaces\/lo-showroom\/\">Showroom<\/a> e <a class=\"selected\" href=\"https:\/\/themanzoni.com\/it\/spaces\/il-negozio\/\">Shop<\/a>.<\/p>\n","protected":false},"excerpt":{"rendered":"<p>Il Manzoni \u00e8 pi\u00f9 di un ristorante. \u00c8 uno spazio sperimentale, uno sfondo teatrale per il meglio del cibo italiano e del design britannico espresso in un Ristorante, Showroom e Shop.<\/p>\n","protected":false},"author":1,"featured_media":0,"parent":0,"menu_order":0,"comment_status":"closed","ping_status":"closed","template":"front-page.php","meta":{"footnotes":""},"class_list":["post-75","page","type-page","status-publish","hentry"],"_links":{"self":[{"href":"https:\/\/themanzoni.com\/it\/wp-json\/wp\/v2\/pages\/75\/"}],"collection":[{"href":"https:\/\/themanzoni.com\/it\/wp-json\/wp\/v2\/pages\/"}],"about":[{"href":"https:\/\/themanzoni.com\/it\/wp-json\/wp\/v2\/types\/page\/"}],"author":[{"embeddable":true,"href":"https:\/\/themanzoni.com\/it\/wp-json\/wp\/v2\/users\/1\/"}],"replies":[{"embeddable":true,"href":"https:\/\/themanzoni.com\/it\/wp-json\/wp\/v2\/comments\/?post=75"}],"version-history":[{"count":0,"href":"https:\/\/themanzoni.com\/it\/wp-json\/wp\/v2\/pages\/75\/revisions\/"}],"wp:attachment":[{"href":"https:\/\/themanzoni.com\/it\/wp-json\/wp\/v2\/media\/?parent=75"}],"curies":[{"name":"wp","href":"https:\/\/api.w.org\/{rel}","templated":true}]}}